{"id":8,"date":"2024-02-29T14:11:50","date_gmt":"2024-02-29T14:11:50","guid":{"rendered":"https:\/\/specklotter.at\/?page_id=8"},"modified":"2024-03-05T12:56:52","modified_gmt":"2024-03-05T12:56:52","slug":"derspecklotter","status":"publish","type":"page","link":"https:\/\/specklotter.at\/","title":{"rendered":"Der Specklotter"},"content":{"rendered":"\n<p class=\"has-text-align-center\">&#8230; alles dreht sich um&#8230;<\/p>\n\n\n\n<div class=\"wp-block-group has-global-padding is-layout-constrained wp-block-group-is-layout-constrained\">\n<p class=\"has-text-align-center\">&#8230; KINDER &#8230;<\/p>\n\n\n\n<p class=\"has-text-align-center\">&#8230; LEBEN &#8230;<\/p>\n\n\n\n<p class=\"has-text-align-center\">&#8230; WISSEN &#8230;<\/p>\n\n\n\n<p class=\"has-text-align-center\">&#8230; SPASS &#8230;<\/p>\n<\/div>\n\n\n\n<div style=\"height:19px\" aria-hidden=\"true\" class=\"wp-block-spacer\"><\/div>\n\n\n\n<hr class=\"wp-block-separator has-alpha-channel-opacity\"\/>\n\n\n\n<p class=\"has-text-align-center\">Projekt im Kindergarten Gaimberg:<\/p>\n\n\n\n<p class=\"has-text-align-center\">&#8222;<a href=\"https:\/\/specklotter.at\/?page_id=2\" data-type=\"page\" data-id=\"2\">Die Henne hat ein Ei gelegt<\/a>&#8222;<\/p>\n\n\n\n<div style=\"height:14px\" aria-hidden=\"true\" class=\"wp-block-spacer\"><\/div>\n\n\n\n<hr class=\"wp-block-separator has-alpha-channel-opacity\"\/>\n\n\n\n<div style=\"height:19px\" aria-hidden=\"true\" class=\"wp-block-spacer\"><\/div>\n\n\n\n<figure class=\"wp-block-image aligncenter size-full is-resized\"><img loading=\"lazy\" decoding=\"async\" width=\"509\" height=\"339\" src=\"https:\/\/specklotter.at\/wp-content\/uploads\/2024\/02\/spinning-top.webp\" alt=\"einKreisel\" class=\"wp-image-60\" style=\"width:349px;height:auto\" srcset=\"https:\/\/specklotter.at\/wp-content\/uploads\/2024\/02\/spinning-top.webp 509w, https:\/\/specklotter.at\/wp-content\/uploads\/2024\/02\/spinning-top-300x200.webp 300w\" sizes=\"auto, (max-width: 509px) 100vw, 509px\" \/><\/figure>\n\n\n\n<p class=\"has-text-align-center\">Diese Seite soll f\u00fcr unsere Familien sein &#8211; hier k\u00f6nnt ihr schm\u00f6kern, st\u00f6bern und unser aktuelles Projekt direkt mitverfolgen.<\/p>\n\n\n\n<div class=\"wp-block-group is-vertical is-layout-flex wp-container-core-group-is-layout-fe9cc265 wp-block-group-is-layout-flex\">\n<div class=\"wp-block-group alignfull has-base-2-background-color has-background has-global-padding is-layout-constrained wp-container-core-group-is-layout-669513ed wp-block-group-is-layout-constrained\" style=\"margin-top:0;margin-bottom:0;padding-top:var(--wp--preset--spacing--50);padding-right:var(--wp--preset--spacing--50);padding-bottom:var(--wp--preset--spacing--50);padding-left:var(--wp--preset--spacing--50)\">\n<p class=\"has-text-align-center\" style=\"font-size:clamp(0.875rem, 0.875rem + ((1vw - 0.2rem) * 0.625), 1.25rem);\"><strong>Ein Specklotter ist nichts anderes als ein Kreisel.<\/strong> <\/p>\n\n\n\n<p class=\"has-text-align-center\">Auf der ganzen Welt bekannt, h\u00f6rt dieses faszinierende Spielzeug auf die unterschiedlichsten Namen:<\/p>\n\n\n\n<p class=\"has-text-align-center\">Kreisel * Specklotter * Tamischer Hansl * Surrl * Ruri * Bobeler * Pfireli * Trendl * Hui-Hui * Zwirbel * Ummidrarer * Drahdiwaberl * Pfurrer * Dobsch * Tanzknopf * Dilledopp * D\u00e4nzer * Schnurrbezel * Dopp * einbeiniger T\u00e4nzer * Dreidel * Toupie (Frankreich) * Tol (Niederlande) * Zvrk (Kroatien) * Kaca (Tschechien) * Spinning Top (England) * Trottola (Italien) * usw.<\/p>\n\n\n\n<div style=\"margin-top:0;margin-bottom:0;height:55px\" aria-hidden=\"true\" class=\"wp-block-spacer\"><\/div>\n\n\n\n<pre class=\"wp-block-verse has-text-align-center\" style=\"font-size:clamp(0.875rem, 0.875rem + ((1vw - 0.2rem) * 0.625), 1.25rem);\"><em><strong>Kleiner Kreisel dreh dich um, \ndreh dich weiter - rundherum . \n\nSchnurr und surr - sing und spring, \ndreh dich weiter lust'ges Ding. \n\nWir tanzen mit dir mit, \nfolgen dir auf Schritt und Tritt, \ntanzen froh im Sonnenschein \nalle Kinder gro\u00df &amp; klein.<\/strong><\/em><\/pre>\n<\/div>\n<\/div>\n\n\n\n<figure class=\"wp-block-image size-full is-resized\"><img loading=\"lazy\" decoding=\"async\" width=\"480\" height=\"236\" src=\"https:\/\/specklotter.at\/wp-content\/uploads\/2024\/02\/1474_0.png\" alt=\"\" class=\"wp-image-22\" style=\"width:548px;height:auto\" srcset=\"https:\/\/specklotter.at\/wp-content\/uploads\/2024\/02\/1474_0.png 480w, https:\/\/specklotter.at\/wp-content\/uploads\/2024\/02\/1474_0-300x148.png 300w\" sizes=\"auto, (max-width: 480px) 100vw, 480px\" \/><\/figure>\n","protected":false},"excerpt":{"rendered":"<p>&#8230; alles dreht sich um&#8230; &#8230; KINDER &#8230; &#8230; LEBEN &#8230; &#8230; WISSEN &#8230; &#8230; SPASS &#8230; Projekt im Kindergarten Gaimberg: &#8222;Die Henne hat ein Ei gelegt&#8222; Diese Seite soll f\u00fcr unsere Familien sein &#8211; hier k\u00f6nnt ihr schm\u00f6kern, st\u00f6bern und unser aktuelles Projekt direkt mitverfolgen. Ein Specklotter ist nichts anderes als ein Kreisel. Auf [&hellip;]<\/p>\n","protected":false},"author":2,"featured_media":59,"parent":0,"menu_order":0,"comment_status":"closed","ping_status":"closed","template":"","meta":{"footnotes":""},"class_list":["post-8","page","type-page","status-publish","has-post-thumbnail","hentry"],"_links":{"self":[{"href":"https:\/\/specklotter.at\/index.php?rest_route=\/wp\/v2\/pages\/8","targetHints":{"allow":["GET"]}}],"collection":[{"href":"https:\/\/specklotter.at\/index.php?rest_route=\/wp\/v2\/pages"}],"about":[{"href":"https:\/\/specklotter.at\/index.php?rest_route=\/wp\/v2\/types\/page"}],"author":[{"embeddable":true,"href":"https:\/\/specklotter.at\/index.php?rest_route=\/wp\/v2\/users\/2"}],"replies":[{"embeddable":true,"href":"https:\/\/specklotter.at\/index.php?rest_route=%2Fwp%2Fv2%2Fcomments&post=8"}],"version-history":[{"count":13,"href":"https:\/\/specklotter.at\/index.php?rest_route=\/wp\/v2\/pages\/8\/revisions"}],"predecessor-version":[{"id":206,"href":"https:\/\/specklotter.at\/index.php?rest_route=\/wp\/v2\/pages\/8\/revisions\/206"}],"wp:featuredmedia":[{"embeddable":true,"href":"https:\/\/specklotter.at\/index.php?rest_route=\/wp\/v2\/media\/59"}],"wp:attachment":[{"href":"https:\/\/specklotter.at\/index.php?rest_route=%2Fwp%2Fv2%2Fmedia&parent=8"}],"curies":[{"name":"wp","href":"https:\/\/api.w.org\/{rel}","templated":true}]}}