{"id":3,"date":"2024-02-29T06:52:13","date_gmt":"2024-02-29T06:52:13","guid":{"rendered":"https:\/\/specklotter.at\/?page_id=3"},"modified":"2024-03-03T08:53:18","modified_gmt":"2024-03-03T08:53:18","slug":"impressum","status":"publish","type":"page","link":"https:\/\/specklotter.at\/?page_id=3","title":{"rendered":"Impressum"},"content":{"rendered":"\n<h4 class=\"wp-block-heading\">Impressum<\/h4>\n\n\n\n<p>Private Website von<\/p>\n\n\n\n<p>Isabel Weiler<br>Penzendorf 5<br>A 9911 Assling<\/p>\n\n\n\n<p><a href=\"tel:+4368120300434\">+43 650 3003848<\/a><br><a href=\"mailto:wir@plural.at\">isa.u.t.w@gmail.com<\/a><\/p>\n\n\n\n<p><\/p>\n\n\n\n<p class=\"has-small-font-size\"><strong>Haftungsausschluss<\/strong><br>Inhaltlich verantwortlich: Isabel Weiler<br>Ausgeschlossen ist die Haftung f\u00fcr die Inhalte externer Links. F\u00fcr den Inhalt der verlinkten Seiten sind ausschlie\u00dflich deren Betreiber verantwortlich.<\/p>\n\n\n\n<p class=\"has-small-font-size\">Plattform zur Online-Streitbeilegung der Europ\u00e4ischen Kommission:<br><a href=\"https:\/\/ec.europa.eu\/consumers\/odr\/\">ec.europa.eu\/consumers\/odr<\/a><br><\/p>\n\n\n\n<h4 class=\"wp-block-heading\">Datenschutzerkl\u00e4rung<\/h4>\n\n\n\n<p class=\"has-small-font-size\"><strong>Informationspflicht\/Erkl\u00e4rungen<\/strong><br>Der Schutz Ihrer pers\u00f6nlichen Daten liegt mir am Herzen. Ihre Daten werden ausschlie\u00dflich auf Grundlage der gesetzlichen Bestimmungen (DSGVO) verarbeitet. Nachfolgend die wichtigsten Punkte zur Datenverarbeitung auf dieser Website.<\/p>\n\n\n\n<p class=\"has-small-font-size\"><strong>Serverlogs<\/strong><strong><br><\/strong>Wenn Sie unsere Website aufrufen, erhebt der Webserver Nutzungsdaten (sog. Serverlogs). Die Erhebung dieser Daten ist erforderlich, um den Verbindungsaufbau zum Server und die Nutzung der Website technisch zu erm\u00f6glichen. Diese Daten k\u00f6nnen auch zur Analyse von m\u00f6glichen Angriffen genutzt werden.<\/p>\n\n\n\n<p class=\"has-small-font-size\"><strong>Folgende Serverlogs werden erhoben<br><\/strong>Die IP-Adresse des anfragenden Ger\u00e4ts, Datum und Uhrzeit der Anfrage, die aufgerufene Datei (Name und URL), \u00fcbertragenen Datenmengen, der von Ihnen verwendete Browser und Ihr Betriebssystems, und bei Weiterleitung, die Website, von der aus sie diese Seite erreicht haben.<\/p>\n\n\n\n<p class=\"has-small-font-size\"><strong>Rechtsgrundlage der Verarbeitung<br><\/strong>Zum Betreiben der Website und deren Sicherheit ist diese Datenverarbeitung notwendig, es besteht ein sog. berechtigtes Interesse.<\/p>\n\n\n\n<p class=\"has-small-font-size\"><strong>Empf\u00e4nger der Daten<br><\/strong>Die Daten aus den Serverlogs werden bei\/nach Angriffen auf die Website an die Strafverfolgungsbeh\u00f6rden weitergegeben. Eine dar\u00fcberhinausgehende Weitergabe an Dritte erfolgt nicht.<\/p>\n\n\n\n<p class=\"has-small-font-size\"><strong>Cookies<\/strong><br>Die Verarbeitung Ihrer Daten erfolgt hier aufgrund Ihrer Einwilligung. Die Daten werden auf Ihrem Ger\u00e4t durch Ihren Browser gespeichert. Sie k\u00f6nnen die Speicherung der Cookies durch eine entsprechende Einstellung Ihrer Browser-Software verhindern.<\/p>\n\n\n\n<p class=\"has-small-font-size\"><strong>Ihre Rechte<\/strong><br>F\u00fcr Ihre pers\u00f6nlichen Daten k\u00f6nnen Sie Auskunft, Berichtigung, L\u00f6schung, Einschr\u00e4nkung verlangen. Wenn Sie glauben, dass die Verarbeitung Ihrer Daten gegen das Datenschutzrecht verst\u00f6\u00dft oder Ihre datenschutzrechtlichen Rechte verletzt worden sind, k\u00f6nnen Sie sich an mich oder die Datenschutzbeh\u00f6rde beschweren.<\/p>\n","protected":false},"excerpt":{"rendered":"<p>Impressum Private Website von Isabel WeilerPenzendorf 5A 9911 Assling +43 650 3003848isa.u.t.w@gmail.com HaftungsausschlussInhaltlich verantwortlich: Isabel WeilerAusgeschlossen ist die Haftung f\u00fcr die Inhalte externer Links. F\u00fcr den Inhalt der verlinkten Seiten sind ausschlie\u00dflich deren Betreiber verantwortlich. Plattform zur Online-Streitbeilegung der Europ\u00e4ischen Kommission:ec.europa.eu\/consumers\/odr Datenschutzerkl\u00e4rung Informationspflicht\/Erkl\u00e4rungenDer Schutz Ihrer pers\u00f6nlichen Daten liegt mir am Herzen. Ihre Daten werden ausschlie\u00dflich [&hellip;]<\/p>\n","protected":false},"author":2,"featured_media":0,"parent":0,"menu_order":0,"comment_status":"closed","ping_status":"closed","template":"","meta":{"footnotes":""},"class_list":["post-3","page","type-page","status-publish","hentry"],"_links":{"self":[{"href":"https:\/\/specklotter.at\/index.php?rest_route=\/wp\/v2\/pages\/3","targetHints":{"allow":["GET"]}}],"collection":[{"href":"https:\/\/specklotter.at\/index.php?rest_route=\/wp\/v2\/pages"}],"about":[{"href":"https:\/\/specklotter.at\/index.php?rest_route=\/wp\/v2\/types\/page"}],"author":[{"embeddable":true,"href":"https:\/\/specklotter.at\/index.php?rest_route=\/wp\/v2\/users\/2"}],"replies":[{"embeddable":true,"href":"https:\/\/specklotter.at\/index.php?rest_route=%2Fwp%2Fv2%2Fcomments&post=3"}],"version-history":[{"count":6,"href":"https:\/\/specklotter.at\/index.php?rest_route=\/wp\/v2\/pages\/3\/revisions"}],"predecessor-version":[{"id":158,"href":"https:\/\/specklotter.at\/index.php?rest_route=\/wp\/v2\/pages\/3\/revisions\/158"}],"wp:attachment":[{"href":"https:\/\/specklotter.at\/index.php?rest_route=%2Fwp%2Fv2%2Fmedia&parent=3"}],"curies":[{"name":"wp","href":"https:\/\/api.w.org\/{rel}","templated":true}]}}